{"id":3911,"date":"2025-09-19T10:37:45","date_gmt":"2025-09-19T08:37:45","guid":{"rendered":"https:\/\/vilmastudio.hu\/?page_id=3911"},"modified":"2025-10-17T10:38:14","modified_gmt":"2025-10-17T08:38:14","slug":"szerkesztes-alatt","status":"publish","type":"page","link":"https:\/\/vilmastudio.hu\/index.php\/szerkesztes-alatt\/","title":{"rendered":"szerkeszt\u00e9s alatt"},"content":{"rendered":"<div class=\"brz-root__container brz-reset-all brz brz-root__container-page\">\n<section id=\"5835fca6828ebc0b855c_kHzwEr8lcWIz\" style=\"height:auto\" class=\"brz-section brz-section__header brz-css-15hk1rs brz-css-1a3biou\">\n<div class=\"brz-section__header--fixed\">\n<div class=\"brz-section__menu-item brz-css-1tsknhb brz-css-862iu\" data-brz-custom-id=\"inQuXrJHmAJ_\">\n<div class=\"brz-bg\">\n<div class=\"brz-bg-color\"><\/div>\n<\/div>\n<div class=\"brz-container brz-css-q88x6u brz-css-6hjcfy\">\n<div class=\"brz-row__container brz-css-e9x4x8 brz-css-10lv7jq\" data-brz-custom-id=\"xuFrTAPlKVax\">\n<div class=\"brz-row brz-css-1z0jnhg brz-css-1a6s6re\">\n<div class=\"brz-columns brz-css-dbhgua brz-css-mssfg4\" data-brz-custom-id=\"t4CP9UApp057\">\n<div class=\"brz-column__items brz-css-aeigyr brz-css-1s1pok6\">\n<div class=\"brz-row__container brz-css-e9x4x8 brz-css-1i9ka6q\" data-brz-custom-id=\"pIZXKMbNuO0u\">\n<div class=\"brz-row brz-row--inner brz-css-1z0jnhg brz-css-ripb34 brz-css-1pct29f\">\n<div class=\"brz-columns brz-css-dbhgua brz-css-eo2jqv\" data-brz-custom-id=\"hcOqY6ttNN8x\">\n<div class=\"brz-column__items brz-css-aeigyr brz-css-1l0zmwu\">\n<div id=\"\" class=\"brz-css-8iaait brz-css-8qx7nj brz-wrapper\">\n<div class=\"brz-menu__container brz-css-1tmpp5m brz-css-rbbpo1\" data-mmenu-id=\"#jx0w1EQYjmHc_cf22cc6b0d88e5710062\" data-mmenu-position=\"position-left\" data-mmenu-title=\"\" data-mmenu-stickytitle=\"on\" data-mmenu-closingicon=\"%7B%22desktop%22%3A%22off%22%2C%22tablet%22%3A%22off%22%2C%22mobile%22%3A%22off%22%7D\" data-brz-custom-id=\"jx0w1EQYjmHc\">\n<nav data-mods=\"%7B%22desktop%22%3A%22horizontal%22%2C%22tablet%22%3A%22horizontal%22%2C%22mobile%22%3A%22horizontal%22%7D\" class=\"brz-menu brz-menu__preview brz-css-1gdul82 brz-css-15exjlv\">\n<ul class=\"brz-menu__ul\" data-menu-items-active=\"\">\n<li data-menu-item-id=\"adb33ab914af751f934a23a21828ee6b\" class=\"brz-menu__item menu-item menu-item-type-post_type menu-item-object-page\"><a class=\"brz-a\" target=\"\" href=\"https:\/\/vilmastudio.hu\/index.php\/kategoriak\/\" title=\"\"><span class=\"brz-span\">\u00e9p\u00fcletek<\/span><\/a>\n<ul class=\"brz-menu__sub-menu\">\n<li data-menu-item-id=\"3d72a5b57beb5a0f0a933b420d5500e2\" class=\"brz-menu__item menu-item menu-item-type-post_type menu-item-object-page\"><a class=\"brz-a\" target=\"\" href=\"https:\/\/vilmastudio.hu\/index.php\/lakoepulet\/\" title=\"\"><span class=\"brz-span\">lak\u00f3\u00e9p\u00fcletek<\/span><\/a><\/li>\n<li data-menu-item-id=\"185ce2f364d001a2c343172247988e09\" class=\"brz-menu__item menu-item menu-item-type-post_type menu-item-object-page\"><a class=\"brz-a\" target=\"\" href=\"https:\/\/vilmastudio.hu\/index.php\/kozepulet\/\" title=\"\"><span class=\"brz-span\">k\u00f6z\u00e9p\u00fcletek<\/span><\/a><\/li>\n<li data-menu-item-id=\"2fe82c9db1338d43bac415026e28f79d\" class=\"brz-menu__item menu-item menu-item-type-post_type menu-item-object-page\"><a class=\"brz-a\" target=\"\" href=\"https:\/\/vilmastudio.hu\/index.php\/munkahely\/\" title=\"\"><span class=\"brz-span\">munkahelyek<\/span><\/a><\/li>\n<li data-menu-item-id=\"92356a78f53cabaf05c27e790a9aa763\" class=\"brz-menu__item menu-item menu-item-type-post_type menu-item-object-page\"><a class=\"brz-a\" target=\"\" href=\"https:\/\/vilmastudio.hu\/index.php\/muemlekek\/\" title=\"\"><span class=\"brz-span\">m\u0171eml\u00e9kek<\/span><\/a><\/li>\n<li data-menu-item-id=\"7434a3d5d10c64ab694c898e95ae62a4\" class=\"brz-menu__item menu-item menu-item-type-post_type menu-item-object-page\"><a class=\"brz-a\" target=\"\" href=\"https:\/\/vilmastudio.hu\/index.php\/belsoepiteszet\/\" title=\"\"><span class=\"brz-span\">bels\u0151\u00e9p\u00edt\u00e9szet<\/span><\/a><\/li>\n<\/ul>\n<\/li>\n<li data-menu-item-id=\"3f625a9a99e03a395902710e9652e5a3\" class=\"brz-menu__item menu-item menu-item-type-post_type menu-item-object-page\"><a class=\"brz-a\" target=\"\" href=\"https:\/\/vilmastudio.hu\/index.php\/tervek\/\" title=\"\"><span class=\"brz-span\">tervek<\/span><\/a><\/li>\n<li data-menu-item-id=\"b80df1b3280f114d3e8059879a3d9d7d\" class=\"brz-menu__item menu-item menu-item-type-post_type menu-item-object-page\"><a class=\"brz-a\" target=\"\" href=\"https:\/\/vilmastudio.hu\/index.php\/rolunk\/\" title=\"\"><span class=\"brz-span\">r\u00f3lunk<\/span><\/a><\/li>\n<li data-menu-item-id=\"c06eee0f041a42e35863e853ced1006d\" class=\"brz-menu__item menu-item menu-item-type-post_type menu-item-object-page\"><a class=\"brz-a\" target=\"\" href=\"https:\/\/vilmastudio.hu\/index.php\/szolgaltatasok\/\" title=\"\"><span class=\"brz-span\">szolg\u00e1ltat\u00e1sok<\/span><\/a><\/li>\n<li data-menu-item-id=\"2d29ee9ba801af09f09c8c89b1ba46c2\" class=\"brz-menu__item menu-item menu-item-type-post_type menu-item-object-page\"><a class=\"brz-a\" target=\"\" href=\"https:\/\/vilmastudio.hu\/index.php\/dijak\/\" title=\"\"><span class=\"brz-span\">d\u00edjak<\/span><\/a><\/li>\n<\/ul>\n<\/nav>\n<div class=\"brz-mm-menu__icon\"><svg class=\"brz-icon-svg align-[initial]\"><use href=\"\/wp-content\/plugins\/brizy\/public\/editor-build\/prod\/editor\/icons\/editor\/menu-3.svg#brz_icon\"><\/use><\/svg><\/div>\n<nav data-mods=\"%7B%22desktop%22%3A%22horizontal%22%2C%22tablet%22%3A%22horizontal%22%2C%22mobile%22%3A%22horizontal%22%7D\" id=\"jx0w1EQYjmHc_cf22cc6b0d88e5710062\" class=\"brz-menu brz-menu__preview brz-menu__mmenu brz-menu--has-dropdown brz-css-1ro1rar brz-css-1qd4d2x\">\n<ul class=\"brz-menu__ul\" data-menu-items-active=\"\">\n<li data-menu-item-id=\"adb33ab914af751f934a23a21828ee6b\" class=\"brz-menu__item menu-item menu-item-type-post_type menu-item-object-page\"><a class=\"brz-a\" target=\"\" href=\"https:\/\/vilmastudio.hu\/index.php\/kategoriak\/\" title=\"\"><span class=\"brz-span\">\u00e9p\u00fcletek<\/span><\/a>\n<ul class=\"brz-menu__sub-menu\">\n<li data-menu-item-id=\"3d72a5b57beb5a0f0a933b420d5500e2\" class=\"brz-menu__item menu-item menu-item-type-post_type menu-item-object-page\"><a class=\"brz-a\" target=\"\" href=\"https:\/\/vilmastudio.hu\/index.php\/lakoepulet\/\" title=\"\"><span class=\"brz-span\">lak\u00f3\u00e9p\u00fcletek<\/span><\/a><\/li>\n<li data-menu-item-id=\"185ce2f364d001a2c343172247988e09\" class=\"brz-menu__item menu-item menu-item-type-post_type menu-item-object-page\"><a class=\"brz-a\" target=\"\" href=\"https:\/\/vilmastudio.hu\/index.php\/kozepulet\/\" title=\"\"><span class=\"brz-span\">k\u00f6z\u00e9p\u00fcletek<\/span><\/a><\/li>\n<li data-menu-item-id=\"2fe82c9db1338d43bac415026e28f79d\" class=\"brz-menu__item menu-item menu-item-type-post_type menu-item-object-page\"><a class=\"brz-a\" target=\"\" href=\"https:\/\/vilmastudio.hu\/index.php\/munkahely\/\" title=\"\"><span class=\"brz-span\">munkahelyek<\/span><\/a><\/li>\n<li data-menu-item-id=\"92356a78f53cabaf05c27e790a9aa763\" class=\"brz-menu__item menu-item menu-item-type-post_type menu-item-object-page\"><a class=\"brz-a\" target=\"\" href=\"https:\/\/vilmastudio.hu\/index.php\/muemlekek\/\" title=\"\"><span class=\"brz-span\">m\u0171eml\u00e9kek<\/span><\/a><\/li>\n<li data-menu-item-id=\"7434a3d5d10c64ab694c898e95ae62a4\" class=\"brz-menu__item menu-item menu-item-type-post_type menu-item-object-page\"><a class=\"brz-a\" target=\"\" href=\"https:\/\/vilmastudio.hu\/index.php\/belsoepiteszet\/\" title=\"\"><span class=\"brz-span\">bels\u0151\u00e9p\u00edt\u00e9szet<\/span><\/a><\/li>\n<\/ul>\n<\/li>\n<li data-menu-item-id=\"3f625a9a99e03a395902710e9652e5a3\" class=\"brz-menu__item menu-item menu-item-type-post_type menu-item-object-page\"><a class=\"brz-a\" target=\"\" href=\"https:\/\/vilmastudio.hu\/index.php\/tervek\/\" title=\"\"><span class=\"brz-span\">tervek<\/span><\/a><\/li>\n<li data-menu-item-id=\"b80df1b3280f114d3e8059879a3d9d7d\" class=\"brz-menu__item menu-item menu-item-type-post_type menu-item-object-page\"><a class=\"brz-a\" target=\"\" href=\"https:\/\/vilmastudio.hu\/index.php\/rolunk\/\" title=\"\"><span class=\"brz-span\">r\u00f3lunk<\/span><\/a><\/li>\n<li data-menu-item-id=\"c06eee0f041a42e35863e853ced1006d\" class=\"brz-menu__item menu-item menu-item-type-post_type menu-item-object-page\"><a class=\"brz-a\" target=\"\" href=\"https:\/\/vilmastudio.hu\/index.php\/szolgaltatasok\/\" title=\"\"><span class=\"brz-span\">szolg\u00e1ltat\u00e1sok<\/span><\/a><\/li>\n<li data-menu-item-id=\"2d29ee9ba801af09f09c8c89b1ba46c2\" class=\"brz-menu__item menu-item menu-item-type-post_type menu-item-object-page\"><a class=\"brz-a\" target=\"\" href=\"https:\/\/vilmastudio.hu\/index.php\/dijak\/\" title=\"\"><span class=\"brz-span\">d\u00edjak<\/span><\/a><\/li>\n<\/ul>\n<\/nav>\n<\/div>\n<\/div>\n<\/div>\n<\/div>\n<\/div>\n<\/div>\n<\/div>\n<\/div>\n<\/div>\n<\/div>\n<\/div>\n<\/div>\n<\/div>\n<\/section>\n<section id=\"6b9dc02f4117f11c0f73_nNqVDCwHVMlQ\" class=\"brz-section brz-css-12d61j5 brz-css-15civjp\">\n<div class=\"brz-section__content brz-section--fullWidth brz-css-45r19o brz-css-1p7syes\" data-brz-custom-id=\"oskMFrNsskuS\">\n<div class=\"brz-bg\">\n<div class=\"brz-bg-image\"><\/div>\n<\/div>\n<div class=\"brz-container brz-css-swbgzr brz-css-6moncd\">\n<div class=\"brz-row__container brz-css-e9x4x8 brz-css-fssk1\" data-brz-custom-id=\"jkkN0yuWDRKC\">\n<div class=\"brz-row brz-css-1z0jnhg brz-css-ripb34 brz-css-38ns2j\">\n<div class=\"brz-columns brz-css-dbhgua brz-css-f02zfk\" data-brz-custom-id=\"rH49HjhgFeUR\">\n<div class=\"brz-column__items brz-css-aeigyr brz-css-1lcrk5h\">\n<div id=\"\" class=\"brz-css-8iaait brz-css-9g9zui brz-wrapper\">\n<div class=\"brz-image brz-css-1cyavso brz-css-bmgg7t\" data-brz-custom-id=\"brUJALLZeliJ\"><a class=\"brz-a\" href=\"https:\/\/vilmastudio.hu\/\" target=\"_self\" rel=\"noopener\" data-brz-link-type=\"page\"><picture class=\"brz-picture brz-d-block brz-p-relative brz-css-1jq8l3 brz-css-1o4r4uc\"><source srcset=\"https:\/\/vilmastudio.hu\/wp-content\/uploads\/2025\/09\/A.06-feher-logo.png 1x, https:\/\/vilmastudio.hu\/wp-content\/uploads\/2025\/09\/A.06-feher-logo.png 2x\" media=\"(min-width: 992px)\"><source srcset=\"https:\/\/vilmastudio.hu\/wp-content\/uploads\/2025\/09\/A.06-feher-logo.png 1x, https:\/\/vilmastudio.hu\/wp-content\/uploads\/2025\/09\/A.06-feher-logo.png 2x\" media=\"(min-width: 768px)\"><img decoding=\"async\" class=\"brz-img\" srcset=\"https:\/\/vilmastudio.hu\/wp-content\/uploads\/2025\/09\/A.06-feher-logo.png 1x, https:\/\/vilmastudio.hu\/wp-content\/uploads\/2025\/09\/A.06-feher-logo.png 2x\" src=\"https:\/\/vilmastudio.hu\/wp-content\/uploads\/2025\/09\/A.06-feher-logo.png\" alt=\"\" title=\"A.06 feh\u00e9r logo\" draggable=\"false\" loading=\"lazy\"><\/picture><\/a><\/div>\n<\/div>\n<\/div>\n<\/div>\n<\/div>\n<\/div>\n<div class=\"brz-row__container brz-css-e9x4x8 brz-css-1e9092p\" data-brz-custom-id=\"dqpYqWOnvqY_\">\n<div class=\"brz-row brz-css-1z0jnhg brz-css-ripb34 brz-css-wmc9ki\">\n<div class=\"brz-columns brz-css-dbhgua brz-css-4d7g4o\" data-brz-custom-id=\"l79oXmA75jNw\">\n<div class=\"brz-column__items brz-css-aeigyr brz-css-md3pib\"><\/div>\n<\/div>\n<\/div>\n<\/div>\n<div class=\"brz-row__container brz-css-e9x4x8 brz-css-1mnio5i\" data-brz-custom-id=\"klqCkRzoDafP\">\n<div class=\"brz-row brz-css-1z0jnhg brz-css-ripb34 brz-css-8qp1mp\">\n<div class=\"brz-columns brz-css-dbhgua brz-css-19lqd4s\" data-brz-custom-id=\"epyKdaut30RP\">\n<div class=\"brz-column__items brz-css-aeigyr brz-css-1t3jtqq\"><\/div>\n<\/div>\n<div class=\"brz-columns brz-css-dbhgua brz-css-3zr99\" data-brz-custom-id=\"lQwq4GIEDP59\">\n<div class=\"brz-column__items brz-css-aeigyr brz-css-11874df\">\n<div class=\"brz-row__container brz-css-e9x4x8 brz-css-ww401y\" data-brz-custom-id=\"doZClsvCM8IB\">\n<div class=\"brz-row brz-row--inner brz-css-1z0jnhg brz-css-ripb34 brz-css-16qvv70\">\n<div class=\"brz-columns brz-css-dbhgua brz-css-1d40dfs\" data-brz-custom-id=\"rWz1dvfbrjnr\">\n<div class=\"brz-bg\">\n<div class=\"brz-bg-color\"><\/div>\n<\/div>\n<div class=\"brz-column__items brz-css-aeigyr brz-css-lv9aec\">\n<div id=\"\" class=\"brz-css-8iaait brz-css-egm7aw brz-wrapper\">\n<div class=\"brz-rich-text brz-rich-text__custom brz-css-1e8mqr4 brz-css-14lzab9\" data-brz-custom-id=\"dDPQWdJoMtad\">\n<div data-brz-translate-text=\"1\">\n<p class=\"brz-fs-lg-50 brz-ft-google brz-ff-comfortaa brz-tp-lg-empty brz-fs-sm-80 brz-tp-sm-empty brz-fsft-sm-0 brz-fwdth-sm-100 brz-vfw-sm-400 brz-lh-sm-1 brz-ls-sm-m_10 brz-fw-sm-400 brz-fss-sm-px brz-bcp-color2 brz-fss-lg-px brz-fw-lg-300 brz-ls-lg-0 brz-lh-lg-1 brz-vfw-lg-400 brz-fwdth-lg-100 brz-fsft-lg-0 brz-text-lg-left brz-text-xs-right brz-tp-xs-empty brz-fs-xs-35 brz-fss-xs-px brz-fw-xs-300 brz-ls-xs-0 brz-lh-xs-1_5 brz-vfw-xs-400 brz-fwdth-xs-100 brz-fsft-xs-0 brz-css-unKF8\" data-uniq-id=\"wPd0l\" data-generated-css=\"brz-css-zwdvi\"><span style=\"color: rgba(var(--brz-global-color8),1);\" class=\"brz-cp-color8\">szerkeszt\u00e9s alatt<\/span><\/p>\n<p class=\"brz-fs-lg-25 brz-ft-google brz-ff-comfortaa brz-tp-lg-empty brz-fs-sm-80 brz-tp-sm-empty brz-fsft-sm-0 brz-fwdth-sm-100 brz-vfw-sm-400 brz-lh-sm-1 brz-ls-sm-m_10 brz-fw-sm-400 brz-fss-sm-px brz-bcp-color2 brz-fss-lg-px brz-fw-lg-300 brz-ls-lg-0 brz-lh-lg-1 brz-vfw-lg-400 brz-fwdth-lg-100 brz-fsft-lg-0 brz-text-lg-left brz-text-xs-right brz-fss-xs-px brz-fw-xs-300 brz-ls-xs-0 brz-lh-xs-1_5 brz-vfw-xs-400 brz-fwdth-xs-100 brz-fsft-xs-0 brz-tp-xs-empty brz-fs-xs-20 brz-css-qrgrF\" data-uniq-id=\"bbCaU\" data-generated-css=\"brz-css-v1sFb\"><span style=\"color: rgba(var(--brz-global-color8),1);\" class=\"brz-cp-color8\">vissza a f\u0151oldalra <\/span><\/p>\n<\/div>\n<\/div>\n<\/div>\n<\/div>\n<p><a class=\"brz-a brz-container-link\" href=\"https:\/\/vilmastudio.hu\/\" target=\"_self\" rel=\"noopener\" data-brz-link-type=\"page\"><\/a><\/div>\n<\/div>\n<\/div>\n<\/div>\n<p><a class=\"brz-a brz-container-link\" href=\"https:\/\/vilmastudio.hu\/\" target=\"_self\" rel=\"noopener\" data-brz-link-type=\"page\"><\/a><\/div>\n<\/div>\n<\/div>\n<\/div>\n<\/div>\n<\/section>\n<\/div>\n<p>    <!-- version:1760690294 --><\/p>\n","protected":false},"excerpt":{"rendered":"<p>\u00e9p\u00fcletek lak\u00f3\u00e9p\u00fcletek k\u00f6z\u00e9p\u00fcletek munkahelyek m\u0171eml\u00e9kek bels\u0151\u00e9p\u00edt\u00e9szet tervek r\u00f3lunk szolg\u00e1ltat\u00e1sok d\u00edjak \u00e9p\u00fcletek lak\u00f3\u00e9p\u00fcletek k\u00f6z\u00e9p\u00fcletek munkahelyek m\u0171eml\u00e9kek bels\u0151\u00e9p\u00edt\u00e9szet tervek r\u00f3lunk szolg\u00e1ltat\u00e1sok d\u00edjak szerkeszt\u00e9s alatt vissza a f\u0151oldalra<\/p>\n","protected":false},"author":1,"featured_media":0,"parent":0,"menu_order":0,"comment_status":"closed","ping_status":"closed","template":"brizy-blank-template.php","meta":{"footnotes":""},"class_list":["post-3911","page","type-page","status-publish"],"yoast_head":"<!-- This site is optimized with the Yoast SEO plugin v26.0 - https:\/\/yoast.com\/wordpress\/plugins\/seo\/ -->\n<title>szerkeszt\u00e9s alatt -<\/title>\n<meta name=\"robots\" content=\"index, follow, max-snippet:-1, max-image-preview:large, max-video-preview:-1\" \/>\n<link rel=\"canonical\" href=\"https:\/\/vilmastudio.hu\/index.php\/szerkesztes-alatt\/\" \/>\n<meta property=\"og:locale\" content=\"hu_HU\" \/>\n<meta property=\"og:type\" content=\"article\" \/>\n<meta property=\"og:title\" content=\"szerkeszt\u00e9s alatt -\" \/>\n<meta property=\"og:description\" content=\"\u00e9p\u00fcletek lak\u00f3\u00e9p\u00fcletek k\u00f6z\u00e9p\u00fcletek munkahelyek m\u0171eml\u00e9kek bels\u0151\u00e9p\u00edt\u00e9szet tervek r\u00f3lunk szolg\u00e1ltat\u00e1sok d\u00edjak \u00e9p\u00fcletek lak\u00f3\u00e9p\u00fcletek k\u00f6z\u00e9p\u00fcletek munkahelyek m\u0171eml\u00e9kek bels\u0151\u00e9p\u00edt\u00e9szet tervek r\u00f3lunk szolg\u00e1ltat\u00e1sok d\u00edjak szerkeszt\u00e9s alatt vissza a f\u0151oldalra\" \/>\n<meta property=\"og:url\" content=\"https:\/\/vilmastudio.hu\/index.php\/szerkesztes-alatt\/\" \/>\n<meta property=\"og:site_name\" content=\"vilma st\u00fadi\u00f3\" \/>\n<meta property=\"article:modified_time\" content=\"2025-10-17T08:38:14+00:00\" \/>\n<meta property=\"og:image\" content=\"https:\/\/vilmastudio.hu\/wp-content\/uploads\/2025\/09\/A.06-feher-logo.png\" \/>\n<meta name=\"twitter:card\" content=\"summary_large_image\" \/>\n<script type=\"application\/ld+json\" class=\"yoast-schema-graph\">{\"@context\":\"https:\/\/schema.org\",\"@graph\":[{\"@type\":\"WebPage\",\"@id\":\"https:\/\/vilmastudio.hu\/index.php\/szerkesztes-alatt\/\",\"url\":\"https:\/\/vilmastudio.hu\/index.php\/szerkesztes-alatt\/\",\"name\":\"szerkeszt\u00e9s alatt -\",\"isPartOf\":{\"@id\":\"https:\/\/vilmastudio.hu\/#website\"},\"primaryImageOfPage\":{\"@id\":\"https:\/\/vilmastudio.hu\/index.php\/szerkesztes-alatt\/#primaryimage\"},\"image\":{\"@id\":\"https:\/\/vilmastudio.hu\/index.php\/szerkesztes-alatt\/#primaryimage\"},\"thumbnailUrl\":\"https:\/\/vilmastudio.hu\/wp-content\/uploads\/2025\/09\/A.06-feher-logo.png\",\"datePublished\":\"2025-09-19T08:37:45+00:00\",\"dateModified\":\"2025-10-17T08:38:14+00:00\",\"breadcrumb\":{\"@id\":\"https:\/\/vilmastudio.hu\/index.php\/szerkesztes-alatt\/#breadcrumb\"},\"inLanguage\":\"hu\",\"potentialAction\":[{\"@type\":\"ReadAction\",\"target\":[\"https:\/\/vilmastudio.hu\/index.php\/szerkesztes-alatt\/\"]}]},{\"@type\":\"ImageObject\",\"inLanguage\":\"hu\",\"@id\":\"https:\/\/vilmastudio.hu\/index.php\/szerkesztes-alatt\/#primaryimage\",\"url\":\"https:\/\/vilmastudio.hu\/wp-content\/uploads\/2025\/09\/A.06-feher-logo.png\",\"contentUrl\":\"https:\/\/vilmastudio.hu\/wp-content\/uploads\/2025\/09\/A.06-feher-logo.png\",\"width\":2480,\"height\":2480},{\"@type\":\"BreadcrumbList\",\"@id\":\"https:\/\/vilmastudio.hu\/index.php\/szerkesztes-alatt\/#breadcrumb\",\"itemListElement\":[{\"@type\":\"ListItem\",\"position\":1,\"name\":\"Kezd\u0151lap\",\"item\":\"https:\/\/vilmastudio.hu\/\"},{\"@type\":\"ListItem\",\"position\":2,\"name\":\"szerkeszt\u00e9s alatt\"}]},{\"@type\":\"WebSite\",\"@id\":\"https:\/\/vilmastudio.hu\/#website\",\"url\":\"https:\/\/vilmastudio.hu\/\",\"name\":\"vilma st\u00fadi\u00f3\",\"description\":\"\u00e9p\u00edt\u00e9sziroda\",\"publisher\":{\"@id\":\"https:\/\/vilmastudio.hu\/#organization\"},\"alternateName\":\"vilma\",\"potentialAction\":[{\"@type\":\"SearchAction\",\"target\":{\"@type\":\"EntryPoint\",\"urlTemplate\":\"https:\/\/vilmastudio.hu\/?s={search_term_string}\"},\"query-input\":{\"@type\":\"PropertyValueSpecification\",\"valueRequired\":true,\"valueName\":\"search_term_string\"}}],\"inLanguage\":\"hu\"},{\"@type\":\"Organization\",\"@id\":\"https:\/\/vilmastudio.hu\/#organization\",\"name\":\"vilma st\u00fadi\u00f3 \u00e9p\u00edt\u00e9sz iroda\",\"alternateName\":\"vilma\",\"url\":\"https:\/\/vilmastudio.hu\/\",\"logo\":{\"@type\":\"ImageObject\",\"inLanguage\":\"hu\",\"@id\":\"https:\/\/vilmastudio.hu\/#\/schema\/logo\/image\/\",\"url\":\"https:\/\/vilmastudio.hu\/wp-content\/uploads\/2025\/09\/A.06-feher-logo-1.png\",\"contentUrl\":\"https:\/\/vilmastudio.hu\/wp-content\/uploads\/2025\/09\/A.06-feher-logo-1.png\",\"width\":2480,\"height\":2480,\"caption\":\"vilma st\u00fadi\u00f3 \u00e9p\u00edt\u00e9sz iroda\"},\"image\":{\"@id\":\"https:\/\/vilmastudio.hu\/#\/schema\/logo\/image\/\"}}]}<\/script>\n<!-- \/ Yoast SEO plugin. -->","yoast_head_json":{"title":"szerkeszt\u00e9s alatt -","robots":{"index":"index","follow":"follow","max-snippet":"max-snippet:-1","max-image-preview":"max-image-preview:large","max-video-preview":"max-video-preview:-1"},"canonical":"https:\/\/vilmastudio.hu\/index.php\/szerkesztes-alatt\/","og_locale":"hu_HU","og_type":"article","og_title":"szerkeszt\u00e9s alatt -","og_description":"\u00e9p\u00fcletek lak\u00f3\u00e9p\u00fcletek k\u00f6z\u00e9p\u00fcletek munkahelyek m\u0171eml\u00e9kek bels\u0151\u00e9p\u00edt\u00e9szet tervek r\u00f3lunk szolg\u00e1ltat\u00e1sok d\u00edjak \u00e9p\u00fcletek lak\u00f3\u00e9p\u00fcletek k\u00f6z\u00e9p\u00fcletek munkahelyek m\u0171eml\u00e9kek bels\u0151\u00e9p\u00edt\u00e9szet tervek r\u00f3lunk szolg\u00e1ltat\u00e1sok d\u00edjak szerkeszt\u00e9s alatt vissza a f\u0151oldalra","og_url":"https:\/\/vilmastudio.hu\/index.php\/szerkesztes-alatt\/","og_site_name":"vilma st\u00fadi\u00f3","article_modified_time":"2025-10-17T08:38:14+00:00","og_image":[{"url":"https:\/\/vilmastudio.hu\/wp-content\/uploads\/2025\/09\/A.06-feher-logo.png","type":"","width":"","height":""}],"twitter_card":"summary_large_image","schema":{"@context":"https:\/\/schema.org","@graph":[{"@type":"WebPage","@id":"https:\/\/vilmastudio.hu\/index.php\/szerkesztes-alatt\/","url":"https:\/\/vilmastudio.hu\/index.php\/szerkesztes-alatt\/","name":"szerkeszt\u00e9s alatt -","isPartOf":{"@id":"https:\/\/vilmastudio.hu\/#website"},"primaryImageOfPage":{"@id":"https:\/\/vilmastudio.hu\/index.php\/szerkesztes-alatt\/#primaryimage"},"image":{"@id":"https:\/\/vilmastudio.hu\/index.php\/szerkesztes-alatt\/#primaryimage"},"thumbnailUrl":"https:\/\/vilmastudio.hu\/wp-content\/uploads\/2025\/09\/A.06-feher-logo.png","datePublished":"2025-09-19T08:37:45+00:00","dateModified":"2025-10-17T08:38:14+00:00","breadcrumb":{"@id":"https:\/\/vilmastudio.hu\/index.php\/szerkesztes-alatt\/#breadcrumb"},"inLanguage":"hu","potentialAction":[{"@type":"ReadAction","target":["https:\/\/vilmastudio.hu\/index.php\/szerkesztes-alatt\/"]}]},{"@type":"ImageObject","inLanguage":"hu","@id":"https:\/\/vilmastudio.hu\/index.php\/szerkesztes-alatt\/#primaryimage","url":"https:\/\/vilmastudio.hu\/wp-content\/uploads\/2025\/09\/A.06-feher-logo.png","contentUrl":"https:\/\/vilmastudio.hu\/wp-content\/uploads\/2025\/09\/A.06-feher-logo.png","width":2480,"height":2480},{"@type":"BreadcrumbList","@id":"https:\/\/vilmastudio.hu\/index.php\/szerkesztes-alatt\/#breadcrumb","itemListElement":[{"@type":"ListItem","position":1,"name":"Kezd\u0151lap","item":"https:\/\/vilmastudio.hu\/"},{"@type":"ListItem","position":2,"name":"szerkeszt\u00e9s alatt"}]},{"@type":"WebSite","@id":"https:\/\/vilmastudio.hu\/#website","url":"https:\/\/vilmastudio.hu\/","name":"vilma st\u00fadi\u00f3","description":"\u00e9p\u00edt\u00e9sziroda","publisher":{"@id":"https:\/\/vilmastudio.hu\/#organization"},"alternateName":"vilma","potentialAction":[{"@type":"SearchAction","target":{"@type":"EntryPoint","urlTemplate":"https:\/\/vilmastudio.hu\/?s={search_term_string}"},"query-input":{"@type":"PropertyValueSpecification","valueRequired":true,"valueName":"search_term_string"}}],"inLanguage":"hu"},{"@type":"Organization","@id":"https:\/\/vilmastudio.hu\/#organization","name":"vilma st\u00fadi\u00f3 \u00e9p\u00edt\u00e9sz iroda","alternateName":"vilma","url":"https:\/\/vilmastudio.hu\/","logo":{"@type":"ImageObject","inLanguage":"hu","@id":"https:\/\/vilmastudio.hu\/#\/schema\/logo\/image\/","url":"https:\/\/vilmastudio.hu\/wp-content\/uploads\/2025\/09\/A.06-feher-logo-1.png","contentUrl":"https:\/\/vilmastudio.hu\/wp-content\/uploads\/2025\/09\/A.06-feher-logo-1.png","width":2480,"height":2480,"caption":"vilma st\u00fadi\u00f3 \u00e9p\u00edt\u00e9sz iroda"},"image":{"@id":"https:\/\/vilmastudio.hu\/#\/schema\/logo\/image\/"}}]}},"_links":{"self":[{"href":"https:\/\/vilmastudio.hu\/index.php\/wp-json\/wp\/v2\/pages\/3911","targetHints":{"allow":["GET"]}}],"collection":[{"href":"https:\/\/vilmastudio.hu\/index.php\/wp-json\/wp\/v2\/pages"}],"about":[{"href":"https:\/\/vilmastudio.hu\/index.php\/wp-json\/wp\/v2\/types\/page"}],"author":[{"embeddable":true,"href":"https:\/\/vilmastudio.hu\/index.php\/wp-json\/wp\/v2\/users\/1"}],"replies":[{"embeddable":true,"href":"https:\/\/vilmastudio.hu\/index.php\/wp-json\/wp\/v2\/comments?post=3911"}],"version-history":[{"count":14,"href":"https:\/\/vilmastudio.hu\/index.php\/wp-json\/wp\/v2\/pages\/3911\/revisions"}],"predecessor-version":[{"id":7252,"href":"https:\/\/vilmastudio.hu\/index.php\/wp-json\/wp\/v2\/pages\/3911\/revisions\/7252"}],"wp:attachment":[{"href":"https:\/\/vilmastudio.hu\/index.php\/wp-json\/wp\/v2\/media?parent=3911"}],"curies":[{"name":"wp","href":"https:\/\/api.w.org\/{rel}","templated":true}]}}