{"id":2109,"date":"2025-09-03T14:26:24","date_gmt":"2025-09-03T12:26:24","guid":{"rendered":"https:\/\/vilmastudio.hu\/?page_id=2109"},"modified":"2025-10-17T09:30:16","modified_gmt":"2025-10-17T07:30:16","slug":"cim-helyszin","status":"publish","type":"page","link":"https:\/\/vilmastudio.hu\/index.php\/cim-helyszin\/","title":{"rendered":"c\u00edm (helysz\u00edn)"},"content":{"rendered":"<div class=\"brz-root__container brz-reset-all brz brz-root__container-page\">\n<section id=\"44fecfb1580e7836a999_aIVy7fYSCt7n\" style=\"height:auto\" class=\"brz-section brz-section__header brz-css-196e6nn brz-css-u36u1r\">\n<div class=\"brz-section__header--fixed\">\n<div class=\"brz-section__menu-item brz-css-ion58h brz-css-1jxf7jy\" data-brz-custom-id=\"lhRKsdMuTprx\">\n<div class=\"brz-bg\">\n<div class=\"brz-bg-color\"><\/div>\n<\/div>\n<div class=\"brz-container brz-css-17talqr brz-css-107u8uh\">\n<div class=\"brz-row__container brz-css-ww5ofq brz-css-114x29f\" data-brz-custom-id=\"gap5iOfIOQkj\">\n<div class=\"brz-row brz-css-1f7ki8j brz-css-he9yn2\">\n<div class=\"brz-columns brz-css-7v018n brz-css-uzs3wn\" data-brz-custom-id=\"zvFx261ys7jD\">\n<div class=\"brz-column__items brz-css-12qf1ai brz-css-1dd4n24\">\n<div class=\"brz-row__container brz-css-ww5ofq brz-css-xzke7k\" data-brz-custom-id=\"pvg1ybzTF6yQ\">\n<div class=\"brz-row brz-row--inner brz-css-1f7ki8j brz-css-er442k brz-css-1kulfjq\">\n<div class=\"brz-columns brz-css-7v018n brz-css-uxgzrg\" data-brz-custom-id=\"hP4ubchTFtha\">\n<div class=\"brz-column__items brz-css-12qf1ai brz-css-xvttl0\">\n<div id=\"\" class=\"brz-css-12de2yv brz-css-veaqxf brz-wrapper\">\n<div class=\"brz-menu__container brz-css-104p3lc brz-css-23tiyk\" data-mmenu-id=\"#aELVvf00gqjN_661a4e4ac9cb10ceef3e\" data-mmenu-position=\"position-left\" data-mmenu-title=\"\" data-mmenu-stickytitle=\"on\" data-mmenu-closingicon=\"%7B%22desktop%22%3A%22off%22%2C%22tablet%22%3A%22off%22%2C%22mobile%22%3A%22off%22%7D\" data-brz-custom-id=\"aELVvf00gqjN\">\n<nav data-mods=\"%7B%22desktop%22%3A%22horizontal%22%2C%22tablet%22%3A%22horizontal%22%2C%22mobile%22%3A%22horizontal%22%7D\" class=\"brz-menu brz-menu__preview brz-css-y416c1 brz-css-1cfq9x7\">\n<ul class=\"brz-menu__ul\" data-menu-items-active=\"\">\n<li data-menu-item-id=\"adb33ab914af751f934a23a21828ee6b\" class=\"brz-menu__item menu-item menu-item-type-post_type menu-item-object-page\"><a class=\"brz-a\" target=\"\" href=\"https:\/\/vilmastudio.hu\/index.php\/kategoriak\/\" title=\"\"><span class=\"brz-span\">\u00e9p\u00fcletek<\/span><\/a>\n<ul class=\"brz-menu__sub-menu\">\n<li data-menu-item-id=\"3d72a5b57beb5a0f0a933b420d5500e2\" class=\"brz-menu__item menu-item menu-item-type-post_type menu-item-object-page\"><a class=\"brz-a\" target=\"\" href=\"https:\/\/vilmastudio.hu\/index.php\/lakoepulet\/\" title=\"\"><span class=\"brz-span\">lak\u00f3\u00e9p\u00fcletek<\/span><\/a><\/li>\n<li data-menu-item-id=\"185ce2f364d001a2c343172247988e09\" class=\"brz-menu__item menu-item menu-item-type-post_type menu-item-object-page\"><a class=\"brz-a\" target=\"\" href=\"https:\/\/vilmastudio.hu\/index.php\/kozepulet\/\" title=\"\"><span class=\"brz-span\">k\u00f6z\u00e9p\u00fcletek<\/span><\/a><\/li>\n<li data-menu-item-id=\"2fe82c9db1338d43bac415026e28f79d\" class=\"brz-menu__item menu-item menu-item-type-post_type menu-item-object-page\"><a class=\"brz-a\" target=\"\" href=\"https:\/\/vilmastudio.hu\/index.php\/munkahely\/\" title=\"\"><span class=\"brz-span\">munkahelyek<\/span><\/a><\/li>\n<li data-menu-item-id=\"92356a78f53cabaf05c27e790a9aa763\" class=\"brz-menu__item menu-item menu-item-type-post_type menu-item-object-page\"><a class=\"brz-a\" target=\"\" href=\"https:\/\/vilmastudio.hu\/index.php\/muemlekek\/\" title=\"\"><span class=\"brz-span\">m\u0171eml\u00e9kek<\/span><\/a><\/li>\n<li data-menu-item-id=\"7434a3d5d10c64ab694c898e95ae62a4\" class=\"brz-menu__item menu-item menu-item-type-post_type menu-item-object-page\"><a class=\"brz-a\" target=\"\" href=\"https:\/\/vilmastudio.hu\/index.php\/belsoepiteszet\/\" title=\"\"><span class=\"brz-span\">bels\u0151\u00e9p\u00edt\u00e9szet<\/span><\/a><\/li>\n<\/ul>\n<\/li>\n<li data-menu-item-id=\"3f625a9a99e03a395902710e9652e5a3\" class=\"brz-menu__item menu-item menu-item-type-post_type menu-item-object-page\"><a class=\"brz-a\" target=\"\" href=\"https:\/\/vilmastudio.hu\/index.php\/tervek\/\" title=\"\"><span class=\"brz-span\">tervek<\/span><\/a><\/li>\n<li data-menu-item-id=\"b80df1b3280f114d3e8059879a3d9d7d\" class=\"brz-menu__item menu-item menu-item-type-post_type menu-item-object-page\"><a class=\"brz-a\" target=\"\" href=\"https:\/\/vilmastudio.hu\/index.php\/rolunk\/\" title=\"\"><span class=\"brz-span\">r\u00f3lunk<\/span><\/a><\/li>\n<li data-menu-item-id=\"c06eee0f041a42e35863e853ced1006d\" class=\"brz-menu__item menu-item menu-item-type-post_type menu-item-object-page\"><a class=\"brz-a\" target=\"\" href=\"https:\/\/vilmastudio.hu\/index.php\/szolgaltatasok\/\" title=\"\"><span class=\"brz-span\">szolg\u00e1ltat\u00e1sok<\/span><\/a><\/li>\n<li data-menu-item-id=\"2d29ee9ba801af09f09c8c89b1ba46c2\" class=\"brz-menu__item menu-item menu-item-type-post_type menu-item-object-page\"><a class=\"brz-a\" target=\"\" href=\"https:\/\/vilmastudio.hu\/index.php\/dijak\/\" title=\"\"><span class=\"brz-span\">d\u00edjak<\/span><\/a><\/li>\n<\/ul>\n<\/nav>\n<div class=\"brz-mm-menu__icon\"><svg class=\"brz-icon-svg align-[initial]\"><use href=\"\/wp-content\/plugins\/brizy\/public\/editor-build\/prod\/editor\/icons\/editor\/menu-3.svg#brz_icon\"><\/use><\/svg><\/div>\n<nav data-mods=\"%7B%22desktop%22%3A%22horizontal%22%2C%22tablet%22%3A%22horizontal%22%2C%22mobile%22%3A%22horizontal%22%7D\" id=\"aELVvf00gqjN_661a4e4ac9cb10ceef3e\" class=\"brz-menu brz-menu__preview brz-menu__mmenu brz-menu--has-dropdown brz-css-1541tnm brz-css-qmjeo8\">\n<ul class=\"brz-menu__ul\" data-menu-items-active=\"\">\n<li data-menu-item-id=\"adb33ab914af751f934a23a21828ee6b\" class=\"brz-menu__item menu-item menu-item-type-post_type menu-item-object-page\"><a class=\"brz-a\" target=\"\" href=\"https:\/\/vilmastudio.hu\/index.php\/kategoriak\/\" title=\"\"><span class=\"brz-span\">\u00e9p\u00fcletek<\/span><\/a>\n<ul class=\"brz-menu__sub-menu\">\n<li data-menu-item-id=\"3d72a5b57beb5a0f0a933b420d5500e2\" class=\"brz-menu__item menu-item menu-item-type-post_type menu-item-object-page\"><a class=\"brz-a\" target=\"\" href=\"https:\/\/vilmastudio.hu\/index.php\/lakoepulet\/\" title=\"\"><span class=\"brz-span\">lak\u00f3\u00e9p\u00fcletek<\/span><\/a><\/li>\n<li data-menu-item-id=\"185ce2f364d001a2c343172247988e09\" class=\"brz-menu__item menu-item menu-item-type-post_type menu-item-object-page\"><a class=\"brz-a\" target=\"\" href=\"https:\/\/vilmastudio.hu\/index.php\/kozepulet\/\" title=\"\"><span class=\"brz-span\">k\u00f6z\u00e9p\u00fcletek<\/span><\/a><\/li>\n<li data-menu-item-id=\"2fe82c9db1338d43bac415026e28f79d\" class=\"brz-menu__item menu-item menu-item-type-post_type menu-item-object-page\"><a class=\"brz-a\" target=\"\" href=\"https:\/\/vilmastudio.hu\/index.php\/munkahely\/\" title=\"\"><span class=\"brz-span\">munkahelyek<\/span><\/a><\/li>\n<li data-menu-item-id=\"92356a78f53cabaf05c27e790a9aa763\" class=\"brz-menu__item menu-item menu-item-type-post_type menu-item-object-page\"><a class=\"brz-a\" target=\"\" href=\"https:\/\/vilmastudio.hu\/index.php\/muemlekek\/\" title=\"\"><span class=\"brz-span\">m\u0171eml\u00e9kek<\/span><\/a><\/li>\n<li data-menu-item-id=\"7434a3d5d10c64ab694c898e95ae62a4\" class=\"brz-menu__item menu-item menu-item-type-post_type menu-item-object-page\"><a class=\"brz-a\" target=\"\" href=\"https:\/\/vilmastudio.hu\/index.php\/belsoepiteszet\/\" title=\"\"><span class=\"brz-span\">bels\u0151\u00e9p\u00edt\u00e9szet<\/span><\/a><\/li>\n<\/ul>\n<\/li>\n<li data-menu-item-id=\"3f625a9a99e03a395902710e9652e5a3\" class=\"brz-menu__item menu-item menu-item-type-post_type menu-item-object-page\"><a class=\"brz-a\" target=\"\" href=\"https:\/\/vilmastudio.hu\/index.php\/tervek\/\" title=\"\"><span class=\"brz-span\">tervek<\/span><\/a><\/li>\n<li data-menu-item-id=\"b80df1b3280f114d3e8059879a3d9d7d\" class=\"brz-menu__item menu-item menu-item-type-post_type menu-item-object-page\"><a class=\"brz-a\" target=\"\" href=\"https:\/\/vilmastudio.hu\/index.php\/rolunk\/\" title=\"\"><span class=\"brz-span\">r\u00f3lunk<\/span><\/a><\/li>\n<li data-menu-item-id=\"c06eee0f041a42e35863e853ced1006d\" class=\"brz-menu__item menu-item menu-item-type-post_type menu-item-object-page\"><a class=\"brz-a\" target=\"\" href=\"https:\/\/vilmastudio.hu\/index.php\/szolgaltatasok\/\" title=\"\"><span class=\"brz-span\">szolg\u00e1ltat\u00e1sok<\/span><\/a><\/li>\n<li data-menu-item-id=\"2d29ee9ba801af09f09c8c89b1ba46c2\" class=\"brz-menu__item menu-item menu-item-type-post_type menu-item-object-page\"><a class=\"brz-a\" target=\"\" href=\"https:\/\/vilmastudio.hu\/index.php\/dijak\/\" title=\"\"><span class=\"brz-span\">d\u00edjak<\/span><\/a><\/li>\n<\/ul>\n<\/nav>\n<\/div>\n<\/div>\n<\/div>\n<\/div>\n<\/div>\n<\/div>\n<\/div>\n<\/div>\n<\/div>\n<\/div>\n<\/div>\n<\/div>\n<\/div>\n<\/section>\n<section id=\"bf18bab86e0864e21d19_lIoF3CCbhMDn\" class=\"brz-section brz-css-4ros0b brz-css-1jc77lk\">\n<div class=\"brz-section__content brz-section--boxed brz-css-p3yz8i brz-css-1c46y0g\" data-brz-custom-id=\"ucLSTQThAd7g\">\n<div class=\"brz-bg\">\n<div class=\"brz-bg-image\"><\/div>\n<\/div>\n<div class=\"brz-container brz-css-mqe159 brz-css-133kj00\">\n<div class=\"brz-row__container brz-css-ww5ofq brz-css-1qfcm13\" data-brz-custom-id=\"wAQLNdbzWPNT\">\n<div class=\"brz-row brz-css-1f7ki8j brz-css-er442k brz-css-6v8oju\">\n<div class=\"brz-columns brz-css-7v018n brz-css-1i663w6\" data-brz-custom-id=\"oE2vx0TjBg9h\">\n<div class=\"brz-column__items brz-css-12qf1ai brz-css-1kzi9t5\"><\/div>\n<\/div>\n<\/div>\n<\/div>\n<div class=\"brz-row__container brz-css-ww5ofq brz-css-8kkmq1\" data-brz-custom-id=\"u56Z0pTuXOtJ\">\n<div class=\"brz-row brz-css-1f7ki8j brz-css-er442k brz-css-2qj9hs\">\n<div class=\"brz-columns brz-css-7v018n brz-css-1dtrvkv\" data-brz-custom-id=\"ww4CwgnsODEU\">\n<div class=\"brz-column__items brz-css-12qf1ai brz-css-yp08kk\">\n<div class=\"brz-row__container brz-css-ww5ofq brz-css-t104qj\" data-brz-custom-id=\"rzeR3EivrRg_\">\n<div class=\"brz-row brz-row--inner brz-css-1f7ki8j brz-css-er442k brz-css-kb2zbf\">\n<div class=\"brz-columns brz-css-7v018n brz-css-1rghck3\" data-brz-custom-id=\"jpBmXDAi6hDy\">\n<div class=\"brz-column__items brz-css-12qf1ai brz-css-mcufds\">\n<div id=\"\" class=\"brz-css-12de2yv brz-css-rsu0x1 brz-wrapper\">\n<div class=\"brz-image brz-css-1pm2jj6 brz-css-1bizgop\" data-brz-custom-id=\"vFGw22NHBfOs\"><a class=\"brz-a\" href=\"https:\/\/vilmastudio.hu\/\" target=\"_self\" rel=\"noopener\" data-brz-link-type=\"page\"><picture class=\"brz-picture brz-d-block brz-p-relative brz-css-1kll1sl brz-css-1sjdovd\"><source srcset=\"https:\/\/vilmastudio.hu\/wp-content\/uploads\/2025\/09\/A.06-feher-logo.png 1x, https:\/\/vilmastudio.hu\/wp-content\/uploads\/2025\/09\/A.06-feher-logo.png 2x\" media=\"(min-width: 992px)\"><source srcset=\"https:\/\/vilmastudio.hu\/wp-content\/uploads\/2025\/09\/A.06-feher-logo.png 1x, https:\/\/vilmastudio.hu\/wp-content\/uploads\/2025\/09\/A.06-feher-logo.png 2x\" media=\"(min-width: 768px)\"><img decoding=\"async\" class=\"brz-img\" srcset=\"https:\/\/vilmastudio.hu\/wp-content\/uploads\/2025\/09\/A.06-feher-logo.png 1x, https:\/\/vilmastudio.hu\/wp-content\/uploads\/2025\/09\/A.06-feher-logo.png 2x\" src=\"https:\/\/vilmastudio.hu\/wp-content\/uploads\/2025\/09\/A.06-feher-logo.png\" alt=\"\" title=\"A.06 feh\u00e9r logo\" draggable=\"false\" loading=\"lazy\"><\/picture><\/a><\/div>\n<\/div>\n<\/div>\n<\/div>\n<div class=\"brz-columns brz-css-7v018n brz-css-idlqun\" data-brz-custom-id=\"aGQTnILot8cJ\">\n<div class=\"brz-column__items brz-css-12qf1ai brz-css-1ptv0c0\"><\/div>\n<\/div>\n<\/div>\n<\/div>\n<div class=\"brz-row__container brz-css-ww5ofq brz-css-kv68zp\" data-brz-custom-id=\"hqqvf8KntpRq\">\n<div class=\"brz-row brz-row--inner brz-css-1f7ki8j brz-css-er442k brz-css-18uwd5o\">\n<div class=\"brz-columns brz-css-7v018n brz-css-1q8ev1n\" data-brz-custom-id=\"eUGmGoVRSlfr\">\n<div class=\"brz-column__items brz-css-12qf1ai brz-css-1gkei0b\"><\/div>\n<\/div>\n<div class=\"brz-columns brz-css-7v018n brz-css-fphn48\" data-brz-custom-id=\"v0KEbzjENGpm\">\n<div class=\"brz-column__items brz-css-12qf1ai brz-css-4yoz5x\">\n<div class=\"brz-row__container brz-css-ww5ofq brz-css-10mwuo2\" data-brz-custom-id=\"e8eJklohbOH5\">\n<div class=\"brz-row brz-row--inner brz-css-1f7ki8j brz-css-er442k brz-css-1jg597w\">\n<div class=\"brz-columns brz-css-7v018n brz-css-tw0myu\" data-brz-custom-id=\"xWWN5mKRhspg\">\n<div class=\"brz-bg\">\n<div class=\"brz-bg-color\"><\/div>\n<\/div>\n<div class=\"brz-column__items brz-css-12qf1ai brz-css-nuq9uk\">\n<div id=\"\" class=\"brz-css-12de2yv brz-css-1x578tz brz-wrapper\">\n<div class=\"brz-rich-text brz-rich-text__custom brz-css-ihysuc brz-css-mhd1j3\" data-brz-custom-id=\"mkGE6RI2z6QJ\">\n<div data-brz-translate-text=\"1\">\n<p class=\"brz-ls-lg-0 brz-lh-lg-1_5 brz-vfw-lg-400 brz-fwdth-lg-100 brz-fsft-lg-0 brz-tp-lg-empty brz-ff-comfortaa brz-ft-google brz-fs-lg-20 brz-fss-lg-px brz-fw-lg-300 brz-css-iqyFG\" data-uniq-id=\"c9oLf\" data-generated-css=\"brz-css-hTyJi\"><span style=\"color: rgba(var(--brz-global-color8),1); background-color: rgba(247, 248, 249, 0);\" class=\"brz-cp-color8\">1113 Budapest, Karolina \u00fat 34\/a<\/span><\/p>\n<\/div>\n<\/div>\n<\/div>\n<\/div>\n<\/div>\n<\/div>\n<\/div>\n<div id=\"\" class=\"brz-css-12de2yv brz-css-fam7sc brz-wrapper\">\n<div class=\"brz-map brz-map_styles brz-css-1uk2wx9\" data-brz-custom-id=\"h1z7gmjvRcNj\">\n<div class=\"brz-ui-ed-map-content\"><iframe class=\"intrinsic-ignore brz-ui-ed-iframe\" src=\"https:\/\/www.google.com\/maps\/embed\/v1\/place?key=AIzaSyCcywKcxXeMZiMwLDcLgyEnNglcLOyB_qw&amp;q=Budapest Karolina \u00fat 34\/A&amp;zoom=15\" title=\"map\"><\/iframe><\/div>\n<\/div>\n<\/div>\n<\/div>\n<\/div>\n<div class=\"brz-columns brz-css-7v018n brz-css-m1k7za\" data-brz-custom-id=\"vqdQQQUe_Bir\">\n<div class=\"brz-column__items brz-css-12qf1ai brz-css-md3zbi\"><\/div>\n<\/div>\n<\/div>\n<\/div>\n<\/div>\n<\/div>\n<\/div>\n<\/div>\n<\/div>\n<\/div>\n<\/section>\n<section id=\"15db6edb584c719f5b07_ofTxrycnjDLj\" class=\"brz-section brz-css-4ros0b brz-css-u1gga6\">\n<div class=\"brz-section__content brz-section--boxed brz-css-p3yz8i brz-css-xi6li5\" data-brz-custom-id=\"gdeX5LliXHJ6\">\n<div class=\"brz-bg\">\n<div class=\"brz-bg-color\"><\/div>\n<\/div>\n<div class=\"brz-container brz-css-mqe159 brz-css-ze5mhn\">\n<div class=\"brz-wrapper-clone brz-flex-xs-wrap brz-css-18egg37 brz-css-tt1ug3\" data-brz-custom-id=\"bdKL1Rkc7gD4\">\n<div class=\"brz-icon__container\" data-brz-custom-id=\"nG8rS_XLHcdN\"><a class=\"brz-a\" href=\"https:\/\/vilmastudio.hu\/\" target=\"_self\" rel=\"noopener\" data-brz-link-type=\"page\"><span class=\"brz-icon brz-span brz-css-b5i4co brz-css-wir5b8\"><svg class=\"brz-icon-svg align-[initial]\"><use href=\"\/wp-content\/plugins\/brizy\/public\/editor-build\/prod\/editor\/icons\/glyph\/circle-simple-left.svg#nc_icon\"><\/use><\/svg><\/span><\/a><\/div>\n<\/div>\n<div id=\"\" class=\"brz-css-12de2yv brz-css-jw57u8 brz-css-1r332sm brz-wrapper\">\n<div class=\"brz-spacer brz-css-pfq4k brz-css-1s8t3g8\"><\/div>\n<\/div>\n<div class=\"brz-row__container brz-css-ww5ofq brz-css-2osnv2\" data-brz-custom-id=\"sqoEOFs4UxbI\">\n<div class=\"brz-row brz-css-1f7ki8j brz-css-er442k brz-css-384h2q\">\n<div class=\"brz-columns brz-css-7v018n brz-css-a2hxsa\" data-brz-custom-id=\"jgCoRa95xrLs\">\n<div class=\"brz-column__items brz-css-12qf1ai brz-css-qitohb\">\n<div class=\"brz-wrapper-clone brz-flex-xs-wrap brz-css-18egg37 brz-css-1qzdfwr\" data-brz-custom-id=\"dmRBKy2bZGRv\">\n<div class=\"brz-icon__container\" data-brz-custom-id=\"sdvYy3LstqMC\"><a class=\"brz-a\" href=\"https:\/\/vilmastudio.hu\/index.php\/cim-helyszin\/\" target=\"_self\" rel=\"noopener\" data-brz-link-type=\"page\"><span class=\"brz-icon brz-span brz-css-b5i4co brz-css-1uhgg0u\"><svg class=\"brz-icon-svg align-[initial]\"><use href=\"\/wp-content\/plugins\/brizy\/public\/editor-build\/prod\/editor\/icons\/glyph\/pin-3.svg#nc_icon\"><\/use><\/svg><\/span><\/a><\/div>\n<div class=\"brz-icon__container\" data-brz-custom-id=\"pNCSJ93DwWSV\"><a class=\"brz-a\" href=\"https:\/\/vilmastudio.hu\/index.php\/e-mail\/\" target=\"_self\" rel=\"noopener\" data-brz-link-type=\"page\"><span class=\"brz-icon brz-span brz-css-b5i4co brz-css-r51fwh\"><svg class=\"brz-icon-svg align-[initial]\"><use href=\"\/wp-content\/plugins\/brizy\/public\/editor-build\/prod\/editor\/icons\/glyph\/email-83.svg#nc_icon\"><\/use><\/svg><\/span><\/a><\/div>\n<div class=\"brz-icon__container\" data-brz-custom-id=\"eTcVmrW_Qi65\"><a class=\"brz-a\" href=\"https:\/\/vilmastudio.hu\/index.php\/telefon\/\" target=\"_self\" rel=\"noopener\" data-brz-link-type=\"page\"><span class=\"brz-icon brz-span brz-css-b5i4co brz-css-13h7mnb\"><svg class=\"brz-icon-svg align-[initial]\"><use href=\"\/wp-content\/plugins\/brizy\/public\/editor-build\/prod\/editor\/icons\/glyph\/phone-2.svg#nc_icon\"><\/use><\/svg><\/span><\/a><\/div>\n<\/div>\n<\/div>\n<\/div>\n<\/div>\n<\/div>\n<\/div>\n<\/div>\n<\/section>\n<\/div>\n<p>    <!-- version:1760686216 --><\/p>\n","protected":false},"excerpt":{"rendered":"<p>\u00e9p\u00fcletek lak\u00f3\u00e9p\u00fcletek k\u00f6z\u00e9p\u00fcletek munkahelyek m\u0171eml\u00e9kek bels\u0151\u00e9p\u00edt\u00e9szet tervek r\u00f3lunk szolg\u00e1ltat\u00e1sok d\u00edjak \u00e9p\u00fcletek lak\u00f3\u00e9p\u00fcletek k\u00f6z\u00e9p\u00fcletek munkahelyek m\u0171eml\u00e9kek bels\u0151\u00e9p\u00edt\u00e9szet tervek r\u00f3lunk szolg\u00e1ltat\u00e1sok d\u00edjak 1113 Budapest, Karolina \u00fat 34\/a<\/p>\n","protected":false},"author":1,"featured_media":0,"parent":0,"menu_order":0,"comment_status":"closed","ping_status":"closed","template":"brizy-blank-template.php","meta":{"footnotes":""},"class_list":["post-2109","page","type-page","status-publish"],"yoast_head":"<!-- This site is optimized with the Yoast SEO plugin v26.0 - https:\/\/yoast.com\/wordpress\/plugins\/seo\/ -->\n<title>vilma st\u00fadi\u00f3 - el\u00e9rhet\u0151s\u00e9gei<\/title>\n<meta name=\"description\" content=\"epitesz@vilmastudio.hu\" \/>\n<meta name=\"robots\" content=\"index, follow, max-snippet:-1, max-image-preview:large, max-video-preview:-1\" \/>\n<link rel=\"canonical\" href=\"https:\/\/vilmastudio.hu\/index.php\/cim-helyszin\/\" \/>\n<meta property=\"og:locale\" content=\"hu_HU\" \/>\n<meta property=\"og:type\" content=\"article\" \/>\n<meta property=\"og:title\" content=\"vilma st\u00fadi\u00f3 - el\u00e9rhet\u0151s\u00e9gei\" \/>\n<meta property=\"og:description\" content=\"epitesz@vilmastudio.hu\" \/>\n<meta property=\"og:url\" content=\"https:\/\/vilmastudio.hu\/index.php\/cim-helyszin\/\" \/>\n<meta property=\"og:site_name\" content=\"vilma st\u00fadi\u00f3\" \/>\n<meta property=\"article:modified_time\" content=\"2025-10-17T07:30:16+00:00\" \/>\n<meta property=\"og:image\" content=\"https:\/\/vilmastudio.hu\/wp-content\/uploads\/2025\/09\/A.06-feher-logo.png\" \/>\n<meta name=\"twitter:card\" content=\"summary_large_image\" \/>\n<meta name=\"twitter:label1\" content=\"Becs\u00fclt olvas\u00e1si id\u0151\" \/>\n\t<meta name=\"twitter:data1\" content=\"1 perc\" \/>\n<script type=\"application\/ld+json\" class=\"yoast-schema-graph\">{\"@context\":\"https:\/\/schema.org\",\"@graph\":[{\"@type\":\"WebPage\",\"@id\":\"https:\/\/vilmastudio.hu\/index.php\/cim-helyszin\/\",\"url\":\"https:\/\/vilmastudio.hu\/index.php\/cim-helyszin\/\",\"name\":\"vilma st\u00fadi\u00f3 - el\u00e9rhet\u0151s\u00e9gei\",\"isPartOf\":{\"@id\":\"https:\/\/vilmastudio.hu\/#website\"},\"primaryImageOfPage\":{\"@id\":\"https:\/\/vilmastudio.hu\/index.php\/cim-helyszin\/#primaryimage\"},\"image\":{\"@id\":\"https:\/\/vilmastudio.hu\/index.php\/cim-helyszin\/#primaryimage\"},\"thumbnailUrl\":\"https:\/\/vilmastudio.hu\/wp-content\/uploads\/2025\/09\/A.06-feher-logo.png\",\"datePublished\":\"2025-09-03T12:26:24+00:00\",\"dateModified\":\"2025-10-17T07:30:16+00:00\",\"description\":\"epitesz@vilmastudio.hu\",\"breadcrumb\":{\"@id\":\"https:\/\/vilmastudio.hu\/index.php\/cim-helyszin\/#breadcrumb\"},\"inLanguage\":\"hu\",\"potentialAction\":[{\"@type\":\"ReadAction\",\"target\":[\"https:\/\/vilmastudio.hu\/index.php\/cim-helyszin\/\"]}]},{\"@type\":\"ImageObject\",\"inLanguage\":\"hu\",\"@id\":\"https:\/\/vilmastudio.hu\/index.php\/cim-helyszin\/#primaryimage\",\"url\":\"https:\/\/vilmastudio.hu\/wp-content\/uploads\/2025\/09\/A.06-feher-logo.png\",\"contentUrl\":\"https:\/\/vilmastudio.hu\/wp-content\/uploads\/2025\/09\/A.06-feher-logo.png\",\"width\":2480,\"height\":2480},{\"@type\":\"BreadcrumbList\",\"@id\":\"https:\/\/vilmastudio.hu\/index.php\/cim-helyszin\/#breadcrumb\",\"itemListElement\":[{\"@type\":\"ListItem\",\"position\":1,\"name\":\"Kezd\u0151lap\",\"item\":\"https:\/\/vilmastudio.hu\/\"},{\"@type\":\"ListItem\",\"position\":2,\"name\":\"c\u00edm (helysz\u00edn)\"}]},{\"@type\":\"WebSite\",\"@id\":\"https:\/\/vilmastudio.hu\/#website\",\"url\":\"https:\/\/vilmastudio.hu\/\",\"name\":\"vilma st\u00fadi\u00f3\",\"description\":\"\u00e9p\u00edt\u00e9sziroda\",\"publisher\":{\"@id\":\"https:\/\/vilmastudio.hu\/#organization\"},\"alternateName\":\"vilma\",\"potentialAction\":[{\"@type\":\"SearchAction\",\"target\":{\"@type\":\"EntryPoint\",\"urlTemplate\":\"https:\/\/vilmastudio.hu\/?s={search_term_string}\"},\"query-input\":{\"@type\":\"PropertyValueSpecification\",\"valueRequired\":true,\"valueName\":\"search_term_string\"}}],\"inLanguage\":\"hu\"},{\"@type\":\"Organization\",\"@id\":\"https:\/\/vilmastudio.hu\/#organization\",\"name\":\"vilma st\u00fadi\u00f3 \u00e9p\u00edt\u00e9sz iroda\",\"alternateName\":\"vilma\",\"url\":\"https:\/\/vilmastudio.hu\/\",\"logo\":{\"@type\":\"ImageObject\",\"inLanguage\":\"hu\",\"@id\":\"https:\/\/vilmastudio.hu\/#\/schema\/logo\/image\/\",\"url\":\"https:\/\/vilmastudio.hu\/wp-content\/uploads\/2025\/09\/A.06-feher-logo-1.png\",\"contentUrl\":\"https:\/\/vilmastudio.hu\/wp-content\/uploads\/2025\/09\/A.06-feher-logo-1.png\",\"width\":2480,\"height\":2480,\"caption\":\"vilma st\u00fadi\u00f3 \u00e9p\u00edt\u00e9sz iroda\"},\"image\":{\"@id\":\"https:\/\/vilmastudio.hu\/#\/schema\/logo\/image\/\"}}]}<\/script>\n<!-- \/ Yoast SEO plugin. -->","yoast_head_json":{"title":"vilma st\u00fadi\u00f3 - el\u00e9rhet\u0151s\u00e9gei","description":"epitesz@vilmastudio.hu","robots":{"index":"index","follow":"follow","max-snippet":"max-snippet:-1","max-image-preview":"max-image-preview:large","max-video-preview":"max-video-preview:-1"},"canonical":"https:\/\/vilmastudio.hu\/index.php\/cim-helyszin\/","og_locale":"hu_HU","og_type":"article","og_title":"vilma st\u00fadi\u00f3 - el\u00e9rhet\u0151s\u00e9gei","og_description":"epitesz@vilmastudio.hu","og_url":"https:\/\/vilmastudio.hu\/index.php\/cim-helyszin\/","og_site_name":"vilma st\u00fadi\u00f3","article_modified_time":"2025-10-17T07:30:16+00:00","og_image":[{"url":"https:\/\/vilmastudio.hu\/wp-content\/uploads\/2025\/09\/A.06-feher-logo.png","type":"","width":"","height":""}],"twitter_card":"summary_large_image","twitter_misc":{"Becs\u00fclt olvas\u00e1si id\u0151":"1 perc"},"schema":{"@context":"https:\/\/schema.org","@graph":[{"@type":"WebPage","@id":"https:\/\/vilmastudio.hu\/index.php\/cim-helyszin\/","url":"https:\/\/vilmastudio.hu\/index.php\/cim-helyszin\/","name":"vilma st\u00fadi\u00f3 - el\u00e9rhet\u0151s\u00e9gei","isPartOf":{"@id":"https:\/\/vilmastudio.hu\/#website"},"primaryImageOfPage":{"@id":"https:\/\/vilmastudio.hu\/index.php\/cim-helyszin\/#primaryimage"},"image":{"@id":"https:\/\/vilmastudio.hu\/index.php\/cim-helyszin\/#primaryimage"},"thumbnailUrl":"https:\/\/vilmastudio.hu\/wp-content\/uploads\/2025\/09\/A.06-feher-logo.png","datePublished":"2025-09-03T12:26:24+00:00","dateModified":"2025-10-17T07:30:16+00:00","description":"epitesz@vilmastudio.hu","breadcrumb":{"@id":"https:\/\/vilmastudio.hu\/index.php\/cim-helyszin\/#breadcrumb"},"inLanguage":"hu","potentialAction":[{"@type":"ReadAction","target":["https:\/\/vilmastudio.hu\/index.php\/cim-helyszin\/"]}]},{"@type":"ImageObject","inLanguage":"hu","@id":"https:\/\/vilmastudio.hu\/index.php\/cim-helyszin\/#primaryimage","url":"https:\/\/vilmastudio.hu\/wp-content\/uploads\/2025\/09\/A.06-feher-logo.png","contentUrl":"https:\/\/vilmastudio.hu\/wp-content\/uploads\/2025\/09\/A.06-feher-logo.png","width":2480,"height":2480},{"@type":"BreadcrumbList","@id":"https:\/\/vilmastudio.hu\/index.php\/cim-helyszin\/#breadcrumb","itemListElement":[{"@type":"ListItem","position":1,"name":"Kezd\u0151lap","item":"https:\/\/vilmastudio.hu\/"},{"@type":"ListItem","position":2,"name":"c\u00edm (helysz\u00edn)"}]},{"@type":"WebSite","@id":"https:\/\/vilmastudio.hu\/#website","url":"https:\/\/vilmastudio.hu\/","name":"vilma st\u00fadi\u00f3","description":"\u00e9p\u00edt\u00e9sziroda","publisher":{"@id":"https:\/\/vilmastudio.hu\/#organization"},"alternateName":"vilma","potentialAction":[{"@type":"SearchAction","target":{"@type":"EntryPoint","urlTemplate":"https:\/\/vilmastudio.hu\/?s={search_term_string}"},"query-input":{"@type":"PropertyValueSpecification","valueRequired":true,"valueName":"search_term_string"}}],"inLanguage":"hu"},{"@type":"Organization","@id":"https:\/\/vilmastudio.hu\/#organization","name":"vilma st\u00fadi\u00f3 \u00e9p\u00edt\u00e9sz iroda","alternateName":"vilma","url":"https:\/\/vilmastudio.hu\/","logo":{"@type":"ImageObject","inLanguage":"hu","@id":"https:\/\/vilmastudio.hu\/#\/schema\/logo\/image\/","url":"https:\/\/vilmastudio.hu\/wp-content\/uploads\/2025\/09\/A.06-feher-logo-1.png","contentUrl":"https:\/\/vilmastudio.hu\/wp-content\/uploads\/2025\/09\/A.06-feher-logo-1.png","width":2480,"height":2480,"caption":"vilma st\u00fadi\u00f3 \u00e9p\u00edt\u00e9sz iroda"},"image":{"@id":"https:\/\/vilmastudio.hu\/#\/schema\/logo\/image\/"}}]}},"_links":{"self":[{"href":"https:\/\/vilmastudio.hu\/index.php\/wp-json\/wp\/v2\/pages\/2109","targetHints":{"allow":["GET"]}}],"collection":[{"href":"https:\/\/vilmastudio.hu\/index.php\/wp-json\/wp\/v2\/pages"}],"about":[{"href":"https:\/\/vilmastudio.hu\/index.php\/wp-json\/wp\/v2\/types\/page"}],"author":[{"embeddable":true,"href":"https:\/\/vilmastudio.hu\/index.php\/wp-json\/wp\/v2\/users\/1"}],"replies":[{"embeddable":true,"href":"https:\/\/vilmastudio.hu\/index.php\/wp-json\/wp\/v2\/comments?post=2109"}],"version-history":[{"count":30,"href":"https:\/\/vilmastudio.hu\/index.php\/wp-json\/wp\/v2\/pages\/2109\/revisions"}],"predecessor-version":[{"id":7178,"href":"https:\/\/vilmastudio.hu\/index.php\/wp-json\/wp\/v2\/pages\/2109\/revisions\/7178"}],"wp:attachment":[{"href":"https:\/\/vilmastudio.hu\/index.php\/wp-json\/wp\/v2\/media?parent=2109"}],"curies":[{"name":"wp","href":"https:\/\/api.w.org\/{rel}","templated":true}]}}